{"id":760,"date":"2022-03-11T13:32:25","date_gmt":"2022-03-11T13:32:25","guid":{"rendered":"http:\/\/mirada.g-2.eu\/?page_id=760"},"modified":"2022-03-28T11:28:16","modified_gmt":"2022-03-28T11:28:16","slug":"pvc","status":"publish","type":"page","link":"https:\/\/miradalevante.com\/es\/pvc\/","title":{"rendered":"PVC"},"content":{"rendered":"<p>[et_pb_section fb_built=\u00bb1&#8243; custom_padding_last_edited=\u00bbon|phone\u00bb admin_label=\u00bbHeader\u00bb _builder_version=\u00bb4.8.0&#8243; _module_preset=\u00bbdefault\u00bb custom_padding=\u00bb96px||||false|false\u00bb custom_padding_tablet=\u00bb\u00bb custom_padding_phone=\u00bb40px||||false|false\u00bb global_colors_info=\u00bb{}\u00bb][et_pb_row _builder_version=\u00bb4.7.7&#8243; _module_preset=\u00bbdefault\u00bb custom_padding=\u00bb0px||0px|||\u00bb module_alignment_tablet=\u00bbcenter\u00bb module_alignment_last_edited=\u00bboff|desktop\u00bb locked=\u00bboff\u00bb global_colors_info=\u00bb{}\u00bb][et_pb_column type=\u00bb4_4&#8243; _builder_version=\u00bb4.7.7&#8243; _module_preset=\u00bbdefault\u00bb global_colors_info=\u00bb{}\u00bb][et_pb_text _builder_version=\u00bb4.14.1&#8243; _module_preset=\u00bb370cf134-a811-4d7c-90e9-083991f25ee4&#8243; header_font=\u00bbTT commons|500|||||||\u00bb header_text_color=\u00bb#bb614f\u00bb header_font_size=\u00bb90px\u00bb header_line_height=\u00bb83px\u00bb header_font_size_tablet=\u00bb90px\u00bb header_font_size_phone=\u00bb55px\u00bb header_font_size_last_edited=\u00bbon|phone\u00bb global_colors_info=\u00bb{}\u00bb]<\/p>\n<h1>Plastico triturado de cables<\/h1>\n<p>[\/et_pb_text][et_pb_text _builder_version=\u00bb4.14.1&#8243; _module_preset=\u00bbdefault\u00bb text_font=\u00bbTT commons||||||||\u00bb text_font_size=\u00bb18px\u00bb text_line_height=\u00bb28px\u00bb global_colors_info=\u00bb{}\u00bb]<\/p>\n<p>Compramos desechos de PVC despu\u00e9s de trituraci\u00f3n de cables.<\/p>\n<p>[\/et_pb_text][et_pb_divider color=\u00bb#511d19&#8243; divider_weight=\u00bb2px\u00bb _builder_version=\u00bb4.14.1&#8243; _module_preset=\u00bbdefault\u00bb width=\u00bb210px\u00bb height=\u00bb2px\u00bb custom_margin=\u00bb||0px||false|false\u00bb global_colors_info=\u00bb{}\u00bb][\/et_pb_divider][et_pb_button button_url=\u00bbhttps:\/\/miradalevante.com\/es\/contactos\/\u00bb button_text=\u00bbPara cualquier consulta, p\u00f3ngase en contacto con nuestro departamento de ventas.\u00bb _builder_version=\u00bb4.14.1&#8243; _module_preset=\u00bb3cfd7408-1427-4d2f-b482-f4daba988622&#8243; custom_button=\u00bbon\u00bb button_text_size=\u00bb14px\u00bb button_text_color=\u00bb#511d19&#8243; button_bg_color=\u00bbrgba(0,0,0,0)\u00bb button_border_width=\u00bb0px\u00bb button_letter_spacing=\u00bb3px\u00bb button_font=\u00bbTT commons|600||on|||||\u00bb transform_scale_tablet=\u00bb\u00bb transform_scale_phone=\u00bb\u00bb transform_scale_last_edited=\u00bbon|phone\u00bb transform_translate=\u00bb0px|-50%\u00bb transform_translate_tablet=\u00bb\u00bb transform_translate_phone=\u00bb0px|0%\u00bb transform_translate_last_edited=\u00bbon|phone\u00bb transform_translate_linked=\u00bboff\u00bb transform_rotate_tablet=\u00bb\u00bb transform_rotate_phone=\u00bb\u00bb transform_rotate_last_edited=\u00bbon|phone\u00bb transform_skew_tablet=\u00bb\u00bb transform_skew_phone=\u00bb\u00bb transform_skew_last_edited=\u00bbon|phone\u00bb transform_origin_tablet=\u00bb\u00bb transform_origin_phone=\u00bb\u00bb transform_origin_last_edited=\u00bbon|phone\u00bb transform_styles_last_edited=\u00bbon|phone\u00bb custom_margin=\u00bb|||230px|false|false\u00bb custom_margin_tablet=\u00bb\u00bb custom_margin_phone=\u00bb|||0px|false|false\u00bb custom_margin_last_edited=\u00bbon|phone\u00bb custom_padding=\u00bb|0px||0px|false|true\u00bb transform_styles_tablet=\u00bb\u00bb transform_styles_phone=\u00bb\u00bb global_colors_info=\u00bb{}\u00bb][\/et_pb_button][\/et_pb_column][\/et_pb_row][\/et_pb_section][et_pb_section fb_built=\u00bb1&#8243; admin_label=\u00bbProjects\u00bb _builder_version=\u00bb4.14.1&#8243; _module_preset=\u00bbdefault\u00bb background_color=\u00bb#deccbf\u00bb global_colors_info=\u00bb{}\u00bb][et_pb_row _builder_version=\u00bb4.8.0&#8243; _module_preset=\u00bbdefault\u00bb custom_margin=\u00bb||||false|false\u00bb locked=\u00bboff\u00bb global_colors_info=\u00bb{}\u00bb][et_pb_column type=\u00bb4_4&#8243; _builder_version=\u00bb4.7.7&#8243; _module_preset=\u00bbdefault\u00bb global_colors_info=\u00bb{}\u00bb][et_pb_text _builder_version=\u00bb4.14.1&#8243; _module_preset=\u00bb7d4a8cbc-5ddd-46c9-be95-23498c921cdd\u00bb header_2_font=\u00bbTT commons|500|||||||\u00bb header_2_text_color=\u00bb#511d19&#8243; header_2_font_size=\u00bb72px\u00bb header_2_line_height=\u00bb66px\u00bb header_2_font_size_tablet=\u00bb55px\u00bb header_2_font_size_phone=\u00bb40px\u00bb header_2_font_size_last_edited=\u00bbon|phone\u00bb header_2_line_height_tablet=\u00bb1.3em\u00bb header_2_line_height_phone=\u00bb1.4em\u00bb header_2_line_height_last_edited=\u00bbon|phone\u00bb locked=\u00bboff\u00bb global_colors_info=\u00bb{}\u00bb]<\/p>\n<h2><span>Gr\u00e1nulos de\u00a0<\/span>pl\u00e1stico<\/h2>\n<p>[\/et_pb_text][\/et_pb_column][\/et_pb_row][et_pb_row column_structure=\u00bb1_2,1_2&#8243; _builder_version=\u00bb4.7.7&#8243; _module_preset=\u00bbdefault\u00bb locked=\u00bboff\u00bb global_colors_info=\u00bb{}\u00bb][et_pb_column type=\u00bb1_2&#8243; _builder_version=\u00bb4.7.7&#8243; _module_preset=\u00bbdefault\u00bb global_colors_info=\u00bb{}\u00bb][et_pb_text _builder_version=\u00bb4.14.1&#8243; _module_preset=\u00bbdefault\u00bb text_font=\u00bbTT commons||||||||\u00bb text_font_size=\u00bb18px\u00bb text_line_height=\u00bb28px\u00bb global_colors_info=\u00bb{}\u00bb]<\/p>\n<h3><\/h3>\n<h3><span style=\"font-size: xx-large;\"><\/span><\/h3>\n<h3><span style=\"font-size: xx-large;\"><\/span><\/h3>\n<h3><span style=\"font-size: xx-large;\"><\/span><\/h3>\n<h3><span style=\"font-size: xx-large;\"><\/span><\/h3>\n<h3><span style=\"font-size: xx-large;\"><\/span><\/h3>\n<h3><span style=\"font-size: xx-large;\"><\/span><\/h3>\n<h3><span style=\"font-size: xx-large;\"><\/span><\/h3>\n<h3><span style=\"font-size: xx-large;\"><\/span><\/h3>\n<h3><span style=\"font-size: xx-large;\"><\/span><\/h3>\n<h3><span style=\"font-size: xx-large;\"><\/span><\/h3>\n<h3><span style=\"font-size: xx-large;\"><\/span><\/h3>\n<h3><span style=\"font-size: xx-large;\">PVC\/PE\/PET\/RUBBER\/CU RESIDUE<\/span><\/h3>\n<p>[\/et_pb_text][\/et_pb_column][et_pb_column type=\u00bb1_2&#8243; _builder_version=\u00bb4.7.7&#8243; _module_preset=\u00bbdefault\u00bb global_colors_info=\u00bb{}\u00bb][et_pb_image src=\u00bbhttps:\/\/miradalevante.com\/wp-content\/uploads\/2022\/03\/small-C2_07696-@SergeyShilenok-scaled.jpg\u00bb title_text=\u00bbsmall C2_07696 @SergeyShilenok\u00bb url=\u00bb#\u00bb _builder_version=\u00bb4.14.1&#8243; _module_preset=\u00bbdefault\u00bb box_shadow_style=\u00bbpreset3&#8243; box_shadow_vertical=\u00bb72px\u00bb box_shadow_blur=\u00bb64px\u00bb box_shadow_spread=\u00bb-16px\u00bb box_shadow_color=\u00bbrgba(0,0,0,0)\u00bb global_colors_info=\u00bb{}\u00bb box_shadow_color__hover_enabled=\u00bbon|hover\u00bb box_shadow_color__hover=\u00bbrgba(0,0,0,0.4)\u00bb][\/et_pb_image][et_pb_image src=\u00bbhttps:\/\/miradalevante.com\/wp-content\/uploads\/2022\/03\/small-C2_07714-@SergeyShilenok.jpg\u00bb title_text=\u00bbsmall C2_07714 @SergeyShilenok\u00bb url=\u00bb#\u00bb _builder_version=\u00bb4.14.1&#8243; _module_preset=\u00bbdefault\u00bb box_shadow_style=\u00bbpreset3&#8243; box_shadow_vertical=\u00bb72px\u00bb box_shadow_blur=\u00bb64px\u00bb box_shadow_spread=\u00bb-16px\u00bb box_shadow_color=\u00bbrgba(0,0,0,0)\u00bb global_colors_info=\u00bb{}\u00bb box_shadow_color__hover_enabled=\u00bbon|hover\u00bb box_shadow_color__hover=\u00bbrgba(0,0,0,0.4)\u00bb][\/et_pb_image][\/et_pb_column][\/et_pb_row][\/et_pb_section][et_pb_section fb_built=\u00bb1&#8243; prev_background_color=\u00bb#deccbf\u00bb admin_label=\u00bbCall to Action\u00bb _builder_version=\u00bb4.14.1&#8243; _module_preset=\u00bbdefault\u00bb background_image=\u00bbhttps:\/\/miradalevante.com\/wp-content\/uploads\/2022\/01\/Rectangle-162.jpg\u00bb min_height=\u00bb800px\u00bb custom_padding=\u00bb8vw||8vw||true|false\u00bb top_divider_style=\u00bbarrow\u00bb top_divider_height=\u00bb10vw\u00bb global_colors_info=\u00bb{}\u00bb][\/et_pb_section][et_pb_section fb_built=\u00bb1&#8243; admin_label=\u00bbFooter\u00bb _builder_version=\u00bb4.14.1&#8243; _module_preset=\u00bbdefault\u00bb background_color=\u00bb#511d19&#8243; background_enable_image=\u00bboff\u00bb background_size=\u00bbinitial\u00bb saved_tabs=\u00bball\u00bb global_colors_info=\u00bb{}\u00bb][et_pb_row column_structure=\u00bb1_4,1_4,1_2&#8243; _builder_version=\u00bb4.7.7&#8243; _module_preset=\u00bbdefault\u00bb global_colors_info=\u00bb{}\u00bb][et_pb_column type=\u00bb1_4&#8243; _builder_version=\u00bb4.7.7&#8243; _module_preset=\u00bbdefault\u00bb global_colors_info=\u00bb{}\u00bb][et_pb_image src=\u00bbhttps:\/\/miradalevante.com\/wp-content\/uploads\/2022\/01\/Logo2.png\u00bb title_text=\u00bbLogo2&#8243; _builder_version=\u00bb4.14.1&#8243; _module_preset=\u00bbdefault\u00bb global_colors_info=\u00bb{}\u00bb][\/et_pb_image][et_pb_text _builder_version=\u00bb4.14.1&#8243; _module_preset=\u00bbdefault\u00bb text_font=\u00bbTT commons||||||||\u00bb text_text_color=\u00bb#dfcdc0&#8243; text_font_size=\u00bb16px\u00bb text_line_height=\u00bb25px\u00bb background_layout=\u00bbdark\u00bb width=\u00bb450px\u00bb width_tablet=\u00bb500px\u00bb width_phone=\u00bbauto\u00bb width_last_edited=\u00bbon|phone\u00bb text_font_size_tablet=\u00bb16px\u00bb text_font_size_phone=\u00bb16px\u00bb text_font_size_last_edited=\u00bbon|phone\u00bb global_colors_info=\u00bb{}\u00bb]<\/p>\n<p>Mirada Levante S.L.<\/p>\n<p>NIF B40504946<br \/>Direcci\u00f3n : P.I. Fuente de los arrieros, Sector 5, Parcela 20\u00aa 16260, Minglanilla, Cuenca, Espa\u00f1a<\/p>\n<p>[\/et_pb_text][et_pb_icon font_icon=\u00bb&#xe0a3;||divi||400&#8243; icon_color=\u00bb#dfcdc0&#8243; icon_width=\u00bb40px\u00bb url=\u00bbhttps:\/\/youtu.be\/nQfCoYmO6So\u00bb url_new_window=\u00bbon\u00bb align=\u00bbleft\u00bb _builder_version=\u00bb4.14.1&#8243; _module_preset=\u00bbdefault\u00bb global_colors_info=\u00bb{}\u00bb][\/et_pb_icon][\/et_pb_column][et_pb_column type=\u00bb1_4&#8243; _builder_version=\u00bb4.7.7&#8243; _module_preset=\u00bbdefault\u00bb global_colors_info=\u00bb{}\u00bb][\/et_pb_column][et_pb_column type=\u00bb1_2&#8243; _builder_version=\u00bb4.7.7&#8243; _module_preset=\u00bbdefault\u00bb global_colors_info=\u00bb{}\u00bb][et_pb_contact_form captcha=\u00bboff\u00bb submit_button_text=\u00bbEnviar\u00bb _builder_version=\u00bb4.14.1&#8243; _module_preset=\u00bbdefault\u00bb _unique_id=\u00bb6742fddb-233c-4a0a-a371-e18f9bbe1be6&#8243; form_field_background_color=\u00bbRGBA(255,255,255,0)\u00bb form_field_text_color=\u00bb#dfcdc0&#8243; form_field_custom_padding=\u00bb8px||8px||true|false\u00bb form_field_font_size=\u00bb12px\u00bb form_field_line_height=\u00bb1.8em\u00bb custom_button=\u00bbon\u00bb button_text_size=\u00bb18px\u00bb button_text_color=\u00bb#511d19&#8243; button_bg_color=\u00bb#dfcdc0&#8243; button_border_width=\u00bb0px\u00bb button_border_radius=\u00bb0px\u00bb button_letter_spacing=\u00bb1px\u00bb button_font=\u00bb|700|||||||\u00bb button_use_icon=\u00bboff\u00bb button_custom_margin=\u00bb10px||||false|false\u00bb button_custom_padding=\u00bb13px|40px|13px|40px|true|true\u00bb button_custom_padding_tablet=\u00bb16px|40px|16px|40px|true|true\u00bb button_custom_padding_phone=\u00bb16px|40px|16px|40px|true|true\u00bb button_custom_padding_last_edited=\u00bboff|desktop\u00bb border_width_all=\u00bb1px\u00bb border_color_all=\u00bb#dfcdc0&#8243; global_colors_info=\u00bb{}\u00bb][et_pb_contact_field field_id=\u00bbName\u00bb field_title=\u00bbNombre\u00bb _builder_version=\u00bb4.14.1&#8243; form_field_background_color=\u00bbRGBA(255,255,255,0)\u00bb form_field_focus_text_color=\u00bb#dfcdc0&#8243; form_field_font=\u00bbTT commons|500|||||||\u00bb form_field_text_align=\u00bbleft\u00bb form_field_font_size=\u00bb18px\u00bb global_colors_info=\u00bb{}\u00bb button_text_size__hover_enabled=\u00bboff\u00bb button_one_text_size__hover_enabled=\u00bboff\u00bb button_two_text_size__hover_enabled=\u00bboff\u00bb button_text_color__hover_enabled=\u00bboff\u00bb button_one_text_color__hover_enabled=\u00bboff\u00bb button_two_text_color__hover_enabled=\u00bboff\u00bb button_border_width__hover_enabled=\u00bboff\u00bb button_one_border_width__hover_enabled=\u00bboff\u00bb button_two_border_width__hover_enabled=\u00bboff\u00bb button_border_color__hover_enabled=\u00bboff\u00bb button_one_border_color__hover_enabled=\u00bboff\u00bb button_two_border_color__hover_enabled=\u00bboff\u00bb button_border_radius__hover_enabled=\u00bboff\u00bb button_one_border_radius__hover_enabled=\u00bboff\u00bb button_two_border_radius__hover_enabled=\u00bboff\u00bb button_letter_spacing__hover_enabled=\u00bboff\u00bb button_one_letter_spacing__hover_enabled=\u00bboff\u00bb button_two_letter_spacing__hover_enabled=\u00bboff\u00bb button_bg_color__hover_enabled=\u00bboff\u00bb button_one_bg_color__hover_enabled=\u00bboff\u00bb button_two_bg_color__hover_enabled=\u00bboff\u00bb][\/et_pb_contact_field][et_pb_contact_field field_id=\u00bbEmail\u00bb field_title=\u00bbCorreo electr\u00f3nico\u00bb field_type=\u00bbemail\u00bb _builder_version=\u00bb4.14.1&#8243; form_field_focus_text_color=\u00bb#dfcdc0&#8243; form_field_font_size=\u00bb18px\u00bb global_colors_info=\u00bb{}\u00bb button_text_size__hover_enabled=\u00bboff\u00bb button_one_text_size__hover_enabled=\u00bboff\u00bb button_two_text_size__hover_enabled=\u00bboff\u00bb button_text_color__hover_enabled=\u00bboff\u00bb button_one_text_color__hover_enabled=\u00bboff\u00bb button_two_text_color__hover_enabled=\u00bboff\u00bb button_border_width__hover_enabled=\u00bboff\u00bb button_one_border_width__hover_enabled=\u00bboff\u00bb button_two_border_width__hover_enabled=\u00bboff\u00bb button_border_color__hover_enabled=\u00bboff\u00bb button_one_border_color__hover_enabled=\u00bboff\u00bb button_two_border_color__hover_enabled=\u00bboff\u00bb button_border_radius__hover_enabled=\u00bboff\u00bb button_one_border_radius__hover_enabled=\u00bboff\u00bb button_two_border_radius__hover_enabled=\u00bboff\u00bb button_letter_spacing__hover_enabled=\u00bboff\u00bb button_one_letter_spacing__hover_enabled=\u00bboff\u00bb button_two_letter_spacing__hover_enabled=\u00bboff\u00bb button_bg_color__hover_enabled=\u00bboff\u00bb button_one_bg_color__hover_enabled=\u00bboff\u00bb button_two_bg_color__hover_enabled=\u00bboff\u00bb][\/et_pb_contact_field][et_pb_contact_field field_id=\u00bbMessage\u00bb field_title=\u00bbMensaje\u00bb field_type=\u00bbtext\u00bb fullwidth_field=\u00bbon\u00bb _builder_version=\u00bb4.14.1&#8243; form_field_font_size=\u00bb18px\u00bb global_colors_info=\u00bb{}\u00bb button_text_size__hover_enabled=\u00bboff\u00bb button_one_text_size__hover_enabled=\u00bboff\u00bb button_two_text_size__hover_enabled=\u00bboff\u00bb button_text_color__hover_enabled=\u00bboff\u00bb button_one_text_color__hover_enabled=\u00bboff\u00bb button_two_text_color__hover_enabled=\u00bboff\u00bb button_border_width__hover_enabled=\u00bboff\u00bb button_one_border_width__hover_enabled=\u00bboff\u00bb button_two_border_width__hover_enabled=\u00bboff\u00bb button_border_color__hover_enabled=\u00bboff\u00bb button_one_border_color__hover_enabled=\u00bboff\u00bb button_two_border_color__hover_enabled=\u00bboff\u00bb button_border_radius__hover_enabled=\u00bboff\u00bb button_one_border_radius__hover_enabled=\u00bboff\u00bb button_two_border_radius__hover_enabled=\u00bboff\u00bb button_letter_spacing__hover_enabled=\u00bboff\u00bb button_one_letter_spacing__hover_enabled=\u00bboff\u00bb button_two_letter_spacing__hover_enabled=\u00bboff\u00bb button_bg_color__hover_enabled=\u00bboff\u00bb button_one_bg_color__hover_enabled=\u00bboff\u00bb button_two_bg_color__hover_enabled=\u00bboff\u00bb][\/et_pb_contact_field][\/et_pb_contact_form][\/et_pb_column][\/et_pb_row][\/et_pb_section]<\/p>\n","protected":false},"excerpt":{"rendered":"<p>Plastico triturado de cablesCompramos desechos de PVC despu\u00e9s de trituraci\u00f3n de cables.Gr\u00e1nulos de\u00a0pl\u00e1stico PVC\/PE\/PET\/RUBBER\/CU RESIDUEMirada Levante S.L. NIF B40504946Direcci\u00f3n : P.I. Fuente de los arrieros, Sector 5, Parcela 20\u00aa 16260, Minglanilla, Cuenca, Espa\u00f1a<\/p>\n","protected":false},"author":1,"featured_media":0,"parent":0,"menu_order":0,"comment_status":"closed","ping_status":"closed","template":"","meta":{"_et_pb_use_builder":"on","_et_pb_old_content":"","_et_gb_content_width":""},"yoast_head":"<!-- This site is optimized with the Yoast SEO plugin v17.9 - https:\/\/yoast.com\/wordpress\/plugins\/seo\/ -->\n<title>PVC - mirada<\/title>\n<meta name=\"robots\" content=\"index, follow, max-snippet:-1, max-image-preview:large, max-video-preview:-1\" \/>\n<link rel=\"canonical\" href=\"https:\/\/miradalevante.com\/es\/pvc\/\" \/>\n<meta property=\"og:locale\" content=\"es_ES\" \/>\n<meta property=\"og:type\" content=\"article\" \/>\n<meta property=\"og:title\" content=\"PVC - mirada\" \/>\n<meta property=\"og:description\" content=\"Plastico triturado de cablesCompramos desechos de PVC despu\u00e9s de trituraci\u00f3n de cables.Gr\u00e1nulos de\u00a0pl\u00e1stico PVC\/PE\/PET\/RUBBER\/CU RESIDUEMirada Levante S.L. NIF B40504946Direcci\u00f3n : P.I. Fuente de los arrieros, Sector 5, Parcela 20\u00aa 16260, Minglanilla, Cuenca, Espa\u00f1a\" \/>\n<meta property=\"og:url\" content=\"https:\/\/miradalevante.com\/es\/pvc\/\" \/>\n<meta property=\"og:site_name\" content=\"mirada\" \/>\n<meta property=\"article:modified_time\" content=\"2022-03-28T11:28:16+00:00\" \/>\n<meta name=\"twitter:card\" content=\"summary_large_image\" \/>\n<meta name=\"twitter:label1\" content=\"Est. reading time\" \/>\n\t<meta name=\"twitter:data1\" content=\"3 minutos\" \/>\n<script type=\"application\/ld+json\" class=\"yoast-schema-graph\">{\"@context\":\"https:\/\/schema.org\",\"@graph\":[{\"@type\":\"WebSite\",\"@id\":\"https:\/\/miradalevante.com\/#website\",\"url\":\"https:\/\/miradalevante.com\/\",\"name\":\"mirada\",\"description\":\"RECYCLING PROCESSING AND TRADING COMPANY\",\"potentialAction\":[{\"@type\":\"SearchAction\",\"target\":{\"@type\":\"EntryPoint\",\"urlTemplate\":\"https:\/\/miradalevante.com\/?s={search_term_string}\"},\"query-input\":\"required name=search_term_string\"}],\"inLanguage\":\"es\"},{\"@type\":\"WebPage\",\"@id\":\"https:\/\/miradalevante.com\/es\/pvc\/#webpage\",\"url\":\"https:\/\/miradalevante.com\/es\/pvc\/\",\"name\":\"PVC - mirada\",\"isPartOf\":{\"@id\":\"https:\/\/miradalevante.com\/#website\"},\"datePublished\":\"2022-03-11T13:32:25+00:00\",\"dateModified\":\"2022-03-28T11:28:16+00:00\",\"breadcrumb\":{\"@id\":\"https:\/\/miradalevante.com\/es\/pvc\/#breadcrumb\"},\"inLanguage\":\"es\",\"potentialAction\":[{\"@type\":\"ReadAction\",\"target\":[\"https:\/\/miradalevante.com\/es\/pvc\/\"]}]},{\"@type\":\"BreadcrumbList\",\"@id\":\"https:\/\/miradalevante.com\/es\/pvc\/#breadcrumb\",\"itemListElement\":[{\"@type\":\"ListItem\",\"position\":1,\"name\":\"Home\",\"item\":\"https:\/\/miradalevante.com\/es\/\"},{\"@type\":\"ListItem\",\"position\":2,\"name\":\"PVC\"}]}]}<\/script>\n<!-- \/ Yoast SEO plugin. -->","yoast_head_json":{"title":"PVC - mirada","robots":{"index":"index","follow":"follow","max-snippet":"max-snippet:-1","max-image-preview":"max-image-preview:large","max-video-preview":"max-video-preview:-1"},"canonical":"https:\/\/miradalevante.com\/es\/pvc\/","og_locale":"es_ES","og_type":"article","og_title":"PVC - mirada","og_description":"Plastico triturado de cablesCompramos desechos de PVC despu\u00e9s de trituraci\u00f3n de cables.Gr\u00e1nulos de\u00a0pl\u00e1stico PVC\/PE\/PET\/RUBBER\/CU RESIDUEMirada Levante S.L. NIF B40504946Direcci\u00f3n : P.I. Fuente de los arrieros, Sector 5, Parcela 20\u00aa 16260, Minglanilla, Cuenca, Espa\u00f1a","og_url":"https:\/\/miradalevante.com\/es\/pvc\/","og_site_name":"mirada","article_modified_time":"2022-03-28T11:28:16+00:00","twitter_card":"summary_large_image","twitter_misc":{"Est. reading time":"3 minutos"},"schema":{"@context":"https:\/\/schema.org","@graph":[{"@type":"WebSite","@id":"https:\/\/miradalevante.com\/#website","url":"https:\/\/miradalevante.com\/","name":"mirada","description":"RECYCLING PROCESSING AND TRADING COMPANY","potentialAction":[{"@type":"SearchAction","target":{"@type":"EntryPoint","urlTemplate":"https:\/\/miradalevante.com\/?s={search_term_string}"},"query-input":"required name=search_term_string"}],"inLanguage":"es"},{"@type":"WebPage","@id":"https:\/\/miradalevante.com\/es\/pvc\/#webpage","url":"https:\/\/miradalevante.com\/es\/pvc\/","name":"PVC - mirada","isPartOf":{"@id":"https:\/\/miradalevante.com\/#website"},"datePublished":"2022-03-11T13:32:25+00:00","dateModified":"2022-03-28T11:28:16+00:00","breadcrumb":{"@id":"https:\/\/miradalevante.com\/es\/pvc\/#breadcrumb"},"inLanguage":"es","potentialAction":[{"@type":"ReadAction","target":["https:\/\/miradalevante.com\/es\/pvc\/"]}]},{"@type":"BreadcrumbList","@id":"https:\/\/miradalevante.com\/es\/pvc\/#breadcrumb","itemListElement":[{"@type":"ListItem","position":1,"name":"Home","item":"https:\/\/miradalevante.com\/es\/"},{"@type":"ListItem","position":2,"name":"PVC"}]}]}},"_links":{"self":[{"href":"https:\/\/miradalevante.com\/es\/wp-json\/wp\/v2\/pages\/760"}],"collection":[{"href":"https:\/\/miradalevante.com\/es\/wp-json\/wp\/v2\/pages"}],"about":[{"href":"https:\/\/miradalevante.com\/es\/wp-json\/wp\/v2\/types\/page"}],"author":[{"embeddable":true,"href":"https:\/\/miradalevante.com\/es\/wp-json\/wp\/v2\/users\/1"}],"replies":[{"embeddable":true,"href":"https:\/\/miradalevante.com\/es\/wp-json\/wp\/v2\/comments?post=760"}],"version-history":[{"count":7,"href":"https:\/\/miradalevante.com\/es\/wp-json\/wp\/v2\/pages\/760\/revisions"}],"predecessor-version":[{"id":1010,"href":"https:\/\/miradalevante.com\/es\/wp-json\/wp\/v2\/pages\/760\/revisions\/1010"}],"wp:attachment":[{"href":"https:\/\/miradalevante.com\/es\/wp-json\/wp\/v2\/media?parent=760"}],"curies":[{"name":"wp","href":"https:\/\/api.w.org\/{rel}","templated":true}]}}