{"id":556,"date":"2022-02-14T15:05:20","date_gmt":"2022-02-14T15:05:20","guid":{"rendered":"http:\/\/mirada.g-2.eu\/?page_id=556"},"modified":"2022-05-23T15:10:35","modified_gmt":"2022-05-23T15:10:35","slug":"video-gallery","status":"publish","type":"page","link":"https:\/\/miradalevante.com\/es\/video-gallery\/","title":{"rendered":"Video y Galeria"},"content":{"rendered":"<p>[et_pb_section fb_built=\u00bb1&#8243; custom_padding_last_edited=\u00bbon|phone\u00bb admin_label=\u00bbHeader\u00bb _builder_version=\u00bb4.14.1&#8243; _module_preset=\u00bbdefault\u00bb use_background_color_gradient=\u00bbon\u00bb background_color_gradient_start=\u00bbrgba(0,0,0,0)\u00bb background_color_gradient_end=\u00bb#ffffff\u00bb background_color_gradient_start_position=\u00bb40%\u00bb background_color_gradient_overlays_image=\u00bbon\u00bb background_image=\u00bbhttps:\/\/miradalevante.com\/wp-content\/uploads\/2022\/01\/Rectangle-71.jpg\u00bb custom_margin=\u00bb-2px||||false|false\u00bb custom_padding=\u00bb96px||0px||false|false\u00bb custom_padding_tablet=\u00bb\u00bb custom_padding_phone=\u00bb0px||||false|false\u00bb background_last_edited=\u00bbon|phone\u00bb background_size_tablet=\u00bbcover\u00bb background_size_phone=\u00bbcover\u00bb global_colors_info=\u00bb{}\u00bb][et_pb_row _builder_version=\u00bb4.14.1&#8243; _module_preset=\u00bbdefault\u00bb height=\u00bb180px\u00bb global_colors_info=\u00bb{}\u00bb][et_pb_column type=\u00bb4_4&#8243; _builder_version=\u00bb4.7.7&#8243; _module_preset=\u00bbdefault\u00bb global_colors_info=\u00bb{}\u00bb][\/et_pb_column][\/et_pb_row][et_pb_row column_structure=\u00bb1_3,2_3&#8243; use_custom_gutter=\u00bbon\u00bb gutter_width=\u00bb1&#8243; make_equal=\u00bbon\u00bb _builder_version=\u00bb4.14.1&#8243; _module_preset=\u00bbdefault\u00bb custom_padding=\u00bb0px||0px||true|false\u00bb box_shadow_style=\u00bbpreset4&#8243; box_shadow_horizontal=\u00bb-30vw\u00bb box_shadow_vertical=\u00bb0px\u00bb box_shadow_color=\u00bb#edeff0&#8243; global_colors_info=\u00bb{}\u00bb][et_pb_column type=\u00bb1_3&#8243; _builder_version=\u00bb4.14.1&#8243; _module_preset=\u00bbdefault\u00bb background_color=\u00bb#edeff0&#8243; custom_padding=\u00bb100px|40px|100px|40px|true|true\u00bb custom_padding_tablet=\u00bb40px|30px|40px|0px|true|false\u00bb custom_padding_phone=\u00bb|20px|||true|false\u00bb custom_padding_last_edited=\u00bbon|tablet\u00bb global_colors_info=\u00bb{}\u00bb][et_pb_text _builder_version=\u00bb4.14.1&#8243; _module_preset=\u00bbdefault\u00bb text_font=\u00bbTT commons||||||||\u00bb text_text_color=\u00bb#000000&#8243; text_font_size=\u00bb18px\u00bb text_line_height=\u00bb28px\u00bb background_layout=\u00bbdark\u00bb width=\u00bb314px\u00bb width_tablet=\u00bb314px\u00bb width_phone=\u00bb290px\u00bb width_last_edited=\u00bbon|phone\u00bb custom_margin=\u00bb||30px||false|false\u00bb text_font_size_tablet=\u00bb18px\u00bb text_font_size_phone=\u00bb18px\u00bb text_font_size_last_edited=\u00bbon|phone\u00bb locked=\u00bboff\u00bb global_colors_info=\u00bb{}\u00bb]<\/p>\n<p style=\"text-align: justify;\"><strong>Os invitamos a que conozc\u00e1is Mirada Levante, con nuestro v\u00eddeo de presentaci\u00f3n y galer\u00edas de fotos. S\u00edgue nuestras noticias en las redes sociales.<\/strong><\/p>\n<p>[\/et_pb_text][et_pb_icon font_icon=\u00bb&#xe0a3;||divi||400&#8243; icon_color=\u00bb#bc4418&#8243; icon_width=\u00bb45px\u00bb url=\u00bbhttps:\/\/www.youtube.com\/watch?v=nQfCoYmO6So\u00bb _builder_version=\u00bb4.14.1&#8243; _module_preset=\u00bbdefault\u00bb global_colors_info=\u00bb{}\u00bb custom_padding=\u00bb|216px||||\u00bb][\/et_pb_icon][et_pb_icon font_icon=\u00bb&#xe0b4;||divi||400&#8243; icon_color=\u00bb#bc4418&#8243; icon_width=\u00bb45px\u00bb url=\u00bbhttps:\/\/www.linkedin.com\/in\/mirada-levante-s-l-34a1251b9\/\u00bb _builder_version=\u00bb4.14.1&#8243; _module_preset=\u00bbdefault\u00bb global_colors_info=\u00bb{}\u00bb custom_padding=\u00bb|218px||||\u00bb][\/et_pb_icon][et_pb_icon font_icon=\u00bb&#xe0aa;||divi||400&#8243; icon_color=\u00bb#bc4418&#8243; icon_width=\u00bb45px\u00bb url=\u00bbhttps:\/\/www.facebook.com\/mirada.levante\u00bb _builder_version=\u00bb4.14.1&#8243; _module_preset=\u00bbdefault\u00bb global_colors_info=\u00bb{}\u00bb custom_padding=\u00bb|218px||||\u00bb][\/et_pb_icon][\/et_pb_column][et_pb_column type=\u00bb2_3&#8243; _builder_version=\u00bb4.14.1&#8243; _module_preset=\u00bbdefault\u00bb background_enable_color=\u00bboff\u00bb background_image=\u00bbhttps:\/\/miradalevante.com\/wp-content\/uploads\/2022\/01\/engineering-firm-56-1.png\u00bb background_size=\u00bbcontain\u00bb background_position=\u00bbbottom_left\u00bb global_colors_info=\u00bb{}\u00bb][\/et_pb_column][\/et_pb_row][\/et_pb_section][et_pb_section fb_built=\u00bb1&#8243; admin_label=\u00bbAbout\u00bb _builder_version=\u00bb4.14.1&#8243; _module_preset=\u00bbdefault\u00bb background_color=\u00bb#edeff0&#8243; custom_padding=\u00bb0px||0px|||\u00bb global_colors_info=\u00bb{}\u00bb][et_pb_row _builder_version=\u00bb4.14.1&#8243; _module_preset=\u00bbdefault\u00bb global_colors_info=\u00bb{}\u00bb][et_pb_column type=\u00bb4_4&#8243; _builder_version=\u00bb4.14.1&#8243; _module_preset=\u00bbdefault\u00bb global_colors_info=\u00bb{}\u00bb][et_pb_video src=\u00bbhttp:\/\/www.youtube.com\/watch?v=nQfCoYmO6So\u00bb _builder_version=\u00bb4.14.1&#8243; _module_preset=\u00bbdefault\u00bb global_colors_info=\u00bb{}\u00bb][\/et_pb_video][\/et_pb_column][\/et_pb_row][et_pb_row _builder_version=\u00bb4.14.1&#8243; _module_preset=\u00bbdefault\u00bb global_colors_info=\u00bb{}\u00bb][et_pb_column type=\u00bb4_4&#8243; _builder_version=\u00bb4.14.1&#8243; _module_preset=\u00bbdefault\u00bb global_colors_info=\u00bb{}\u00bb][et_pb_text _builder_version=\u00bb4.14.1&#8243; _module_preset=\u00bbdefault\u00bb text_font=\u00bb|800|||||||\u00bb text_font_size=\u00bb100px\u00bb text_letter_spacing=\u00bb3px\u00bb text_line_height=\u00bb1.8em\u00bb animation_style=\u00bbslide\u00bb text_text_shadow_style=\u00bbpreset1&#8243; global_colors_info=\u00bb{}\u00bb]<\/p>\n<h1 style=\"text-align: center;\"><strong>NUESTRA GALERIA DE FOTOS<\/strong><\/h1>\n<p>[\/et_pb_text][\/et_pb_column][\/et_pb_row][et_pb_row _builder_version=\u00bb4.14.1&#8243; _module_preset=\u00bbdefault\u00bb global_colors_info=\u00bb{}\u00bb][et_pb_column type=\u00bb4_4&#8243; _builder_version=\u00bb4.14.1&#8243; _module_preset=\u00bbdefault\u00bb global_colors_info=\u00bb{}\u00bb][et_pb_gallery gallery_ids=\u00bb1243,1240,1238,1232,1199,1167,1177,1175,1230&#8243; show_title_and_caption=\u00bboff\u00bb _builder_version=\u00bb4.14.1&#8243; _module_preset=\u00bbdefault\u00bb global_colors_info=\u00bb{}\u00bb][\/et_pb_gallery][et_pb_text _builder_version=\u00bb4.14.1&#8243; _module_preset=\u00bbdefault\u00bb text_font_size=\u00bb23px\u00bb animation_style=\u00bbflip\u00bb animation_duration=\u00bb950ms\u00bb text_text_shadow_style=\u00bbpreset3&#8243; global_colors_info=\u00bb{}\u00bb]<\/p>\n<h1 style=\"text-align: center;\"><strong>Somos una empresa con grandes ideas, pasi\u00f3n y un equipo profesional con una visi\u00f3n clara de proteger el medio ambiente.<\/strong><\/h1>\n<p>[\/et_pb_text][\/et_pb_column][\/et_pb_row][\/et_pb_section][et_pb_section fb_built=\u00bb1&#8243; admin_label=\u00bbTeam\u00bb _builder_version=\u00bb4.14.1&#8243; _module_preset=\u00bbdefault\u00bb custom_margin=\u00bb||||false|false\u00bb custom_padding=\u00bb0vw||||false|false\u00bb top_divider_style=\u00bbarrow\u00bb top_divider_color=\u00bb#edeff0&#8243; top_divider_height=\u00bb10vw\u00bb global_colors_info=\u00bb{}\u00bb][et_pb_row _builder_version=\u00bb4.14.1&#8243; _module_preset=\u00bbdefault\u00bb global_colors_info=\u00bb{}\u00bb][et_pb_column type=\u00bb4_4&#8243; _builder_version=\u00bb4.14.1&#8243; _module_preset=\u00bbdefault\u00bb global_colors_info=\u00bb{}\u00bb][et_pb_gallery gallery_ids=\u00bb1234,1228,1203,1201,1173,1175,1183,1199,1240&#8243; fullwidth=\u00bbon\u00bb _builder_version=\u00bb4.14.1&#8243; _module_preset=\u00bbdefault\u00bb pagination_font_size=\u00bb1px\u00bb animation_style=\u00bbflip\u00bb auto=\u00bbon\u00bb global_colors_info=\u00bb{}\u00bb][\/et_pb_gallery][\/et_pb_column][\/et_pb_row][\/et_pb_section][et_pb_section fb_built=\u00bb1&#8243; admin_label=\u00bbFooter\u00bb _builder_version=\u00bb4.14.1&#8243; _module_preset=\u00bbdefault\u00bb background_color=\u00bb#511d19&#8243; background_enable_image=\u00bboff\u00bb background_size=\u00bbinitial\u00bb saved_tabs=\u00bball\u00bb global_colors_info=\u00bb{}\u00bb][et_pb_row column_structure=\u00bb1_4,1_4,1_2&#8243; _builder_version=\u00bb4.7.7&#8243; _module_preset=\u00bbdefault\u00bb global_colors_info=\u00bb{}\u00bb][et_pb_column type=\u00bb1_4&#8243; _builder_version=\u00bb4.7.7&#8243; _module_preset=\u00bbdefault\u00bb global_colors_info=\u00bb{}\u00bb][et_pb_image src=\u00bbhttps:\/\/miradalevante.com\/wp-content\/uploads\/2022\/01\/Logo2.png\u00bb title_text=\u00bbLogo2&#8243; _builder_version=\u00bb4.14.1&#8243; _module_preset=\u00bbdefault\u00bb global_colors_info=\u00bb{}\u00bb][\/et_pb_image][et_pb_text _builder_version=\u00bb4.14.1&#8243; _module_preset=\u00bbdefault\u00bb text_font=\u00bbTT commons||||||||\u00bb text_text_color=\u00bb#dfcdc0&#8243; text_font_size=\u00bb16px\u00bb text_line_height=\u00bb25px\u00bb background_layout=\u00bbdark\u00bb width=\u00bb450px\u00bb width_tablet=\u00bb500px\u00bb width_phone=\u00bbauto\u00bb width_last_edited=\u00bbon|phone\u00bb text_font_size_tablet=\u00bb16px\u00bb text_font_size_phone=\u00bb16px\u00bb text_font_size_last_edited=\u00bbon|phone\u00bb global_colors_info=\u00bb{}\u00bb]<\/p>\n<p>Mirada Levante S.L.<\/p>\n<p>NIF B40504946<br \/>Direcci\u00f3n : P.I. Fuente de los arrieros, Sector 5, Parcela 20\u00aa 16260, Minglanilla, Cuenca, Espa\u00f1a<\/p>\n<p>[\/et_pb_text][et_pb_icon font_icon=\u00bb&#xe0a3;||divi||400&#8243; icon_color=\u00bb#dfcdc0&#8243; icon_width=\u00bb40px\u00bb url=\u00bbhttps:\/\/youtu.be\/nQfCoYmO6So\u00bb url_new_window=\u00bbon\u00bb align=\u00bbleft\u00bb _builder_version=\u00bb4.14.1&#8243; _module_preset=\u00bbdefault\u00bb global_colors_info=\u00bb{}\u00bb][\/et_pb_icon][\/et_pb_column][et_pb_column type=\u00bb1_4&#8243; _builder_version=\u00bb4.7.7&#8243; _module_preset=\u00bbdefault\u00bb global_colors_info=\u00bb{}\u00bb][\/et_pb_column][et_pb_column type=\u00bb1_2&#8243; _builder_version=\u00bb4.7.7&#8243; _module_preset=\u00bbdefault\u00bb global_colors_info=\u00bb{}\u00bb][et_pb_contact_form captcha=\u00bboff\u00bb submit_button_text=\u00bbEnviar\u00bb _builder_version=\u00bb4.14.1&#8243; _module_preset=\u00bbdefault\u00bb _unique_id=\u00bb6742fddb-233c-4a0a-a371-e18f9bbe1be6&#8243; form_field_background_color=\u00bbRGBA(255,255,255,0)\u00bb form_field_text_color=\u00bb#dfcdc0&#8243; form_field_custom_padding=\u00bb8px||8px||true|false\u00bb form_field_font_size=\u00bb12px\u00bb form_field_line_height=\u00bb1.8em\u00bb custom_button=\u00bbon\u00bb button_text_size=\u00bb18px\u00bb button_text_color=\u00bb#511d19&#8243; button_bg_color=\u00bb#dfcdc0&#8243; button_border_width=\u00bb0px\u00bb button_border_radius=\u00bb0px\u00bb button_letter_spacing=\u00bb1px\u00bb button_font=\u00bb|700|||||||\u00bb button_use_icon=\u00bboff\u00bb button_custom_margin=\u00bb10px||||false|false\u00bb button_custom_padding=\u00bb13px|40px|13px|40px|true|true\u00bb button_custom_padding_tablet=\u00bb16px|40px|16px|40px|true|true\u00bb button_custom_padding_phone=\u00bb16px|40px|16px|40px|true|true\u00bb button_custom_padding_last_edited=\u00bboff|desktop\u00bb border_width_all=\u00bb1px\u00bb border_color_all=\u00bb#dfcdc0&#8243; global_colors_info=\u00bb{}\u00bb][et_pb_contact_field field_id=\u00bbName\u00bb field_title=\u00bbNombre\u00bb _builder_version=\u00bb4.14.1&#8243; form_field_background_color=\u00bbRGBA(255,255,255,0)\u00bb form_field_focus_text_color=\u00bb#dfcdc0&#8243; form_field_font=\u00bbTT commons|500|||||||\u00bb form_field_text_align=\u00bbleft\u00bb form_field_font_size=\u00bb18px\u00bb global_colors_info=\u00bb{}\u00bb button_text_size__hover_enabled=\u00bboff\u00bb button_one_text_size__hover_enabled=\u00bboff\u00bb button_two_text_size__hover_enabled=\u00bboff\u00bb button_text_color__hover_enabled=\u00bboff\u00bb button_one_text_color__hover_enabled=\u00bboff\u00bb button_two_text_color__hover_enabled=\u00bboff\u00bb button_border_width__hover_enabled=\u00bboff\u00bb button_one_border_width__hover_enabled=\u00bboff\u00bb button_two_border_width__hover_enabled=\u00bboff\u00bb button_border_color__hover_enabled=\u00bboff\u00bb button_one_border_color__hover_enabled=\u00bboff\u00bb button_two_border_color__hover_enabled=\u00bboff\u00bb button_border_radius__hover_enabled=\u00bboff\u00bb button_one_border_radius__hover_enabled=\u00bboff\u00bb button_two_border_radius__hover_enabled=\u00bboff\u00bb button_letter_spacing__hover_enabled=\u00bboff\u00bb button_one_letter_spacing__hover_enabled=\u00bboff\u00bb button_two_letter_spacing__hover_enabled=\u00bboff\u00bb button_bg_color__hover_enabled=\u00bboff\u00bb button_one_bg_color__hover_enabled=\u00bboff\u00bb button_two_bg_color__hover_enabled=\u00bboff\u00bb][\/et_pb_contact_field][et_pb_contact_field field_id=\u00bbEmail\u00bb field_title=\u00bbCorreo electr\u00f3nico\u00bb field_type=\u00bbemail\u00bb _builder_version=\u00bb4.14.1&#8243; form_field_focus_text_color=\u00bb#dfcdc0&#8243; form_field_font_size=\u00bb18px\u00bb global_colors_info=\u00bb{}\u00bb button_text_size__hover_enabled=\u00bboff\u00bb button_one_text_size__hover_enabled=\u00bboff\u00bb button_two_text_size__hover_enabled=\u00bboff\u00bb button_text_color__hover_enabled=\u00bboff\u00bb button_one_text_color__hover_enabled=\u00bboff\u00bb button_two_text_color__hover_enabled=\u00bboff\u00bb button_border_width__hover_enabled=\u00bboff\u00bb button_one_border_width__hover_enabled=\u00bboff\u00bb button_two_border_width__hover_enabled=\u00bboff\u00bb button_border_color__hover_enabled=\u00bboff\u00bb button_one_border_color__hover_enabled=\u00bboff\u00bb button_two_border_color__hover_enabled=\u00bboff\u00bb button_border_radius__hover_enabled=\u00bboff\u00bb button_one_border_radius__hover_enabled=\u00bboff\u00bb button_two_border_radius__hover_enabled=\u00bboff\u00bb button_letter_spacing__hover_enabled=\u00bboff\u00bb button_one_letter_spacing__hover_enabled=\u00bboff\u00bb button_two_letter_spacing__hover_enabled=\u00bboff\u00bb button_bg_color__hover_enabled=\u00bboff\u00bb button_one_bg_color__hover_enabled=\u00bboff\u00bb button_two_bg_color__hover_enabled=\u00bboff\u00bb][\/et_pb_contact_field][et_pb_contact_field field_id=\u00bbMessage\u00bb field_title=\u00bbMensaje\u00bb field_type=\u00bbtext\u00bb fullwidth_field=\u00bbon\u00bb _builder_version=\u00bb4.14.1&#8243; form_field_font_size=\u00bb18px\u00bb global_colors_info=\u00bb{}\u00bb button_text_size__hover_enabled=\u00bboff\u00bb button_one_text_size__hover_enabled=\u00bboff\u00bb button_two_text_size__hover_enabled=\u00bboff\u00bb button_text_color__hover_enabled=\u00bboff\u00bb button_one_text_color__hover_enabled=\u00bboff\u00bb button_two_text_color__hover_enabled=\u00bboff\u00bb button_border_width__hover_enabled=\u00bboff\u00bb button_one_border_width__hover_enabled=\u00bboff\u00bb button_two_border_width__hover_enabled=\u00bboff\u00bb button_border_color__hover_enabled=\u00bboff\u00bb button_one_border_color__hover_enabled=\u00bboff\u00bb button_two_border_color__hover_enabled=\u00bboff\u00bb button_border_radius__hover_enabled=\u00bboff\u00bb button_one_border_radius__hover_enabled=\u00bboff\u00bb button_two_border_radius__hover_enabled=\u00bboff\u00bb button_letter_spacing__hover_enabled=\u00bboff\u00bb button_one_letter_spacing__hover_enabled=\u00bboff\u00bb button_two_letter_spacing__hover_enabled=\u00bboff\u00bb button_bg_color__hover_enabled=\u00bboff\u00bb button_one_bg_color__hover_enabled=\u00bboff\u00bb button_two_bg_color__hover_enabled=\u00bboff\u00bb][\/et_pb_contact_field][\/et_pb_contact_form][\/et_pb_column][\/et_pb_row][\/et_pb_section]<\/p>\n","protected":false},"excerpt":{"rendered":"<p>Os invitamos a que conozc\u00e1is Mirada Levante, con nuestro v\u00eddeo de presentaci\u00f3n y galer\u00edas de fotos. S\u00edgue nuestras noticias en las redes sociales.NUESTRA GALERIA DE FOTOSSomos una empresa con grandes ideas, pasi\u00f3n y un equipo profesional con una visi\u00f3n clara de proteger el medio ambiente.Mirada Levante S.L. NIF B40504946Direcci\u00f3n : P.I. Fuente de los arrieros, [&hellip;]<\/p>\n","protected":false},"author":1,"featured_media":0,"parent":0,"menu_order":0,"comment_status":"closed","ping_status":"closed","template":"","meta":{"_et_pb_use_builder":"on","_et_pb_old_content":"","_et_gb_content_width":""},"yoast_head":"<!-- This site is optimized with the Yoast SEO plugin v17.9 - https:\/\/yoast.com\/wordpress\/plugins\/seo\/ -->\n<title>Video y Galeria - mirada<\/title>\n<meta name=\"description\" content=\"Video y Galeria\" \/>\n<meta name=\"robots\" content=\"index, follow, max-snippet:-1, max-image-preview:large, max-video-preview:-1\" \/>\n<link rel=\"canonical\" href=\"https:\/\/miradalevante.com\/es\/video-gallery\/\" \/>\n<meta property=\"og:locale\" content=\"es_ES\" \/>\n<meta property=\"og:type\" content=\"article\" \/>\n<meta property=\"og:title\" content=\"Video y Galeria - mirada\" \/>\n<meta property=\"og:description\" content=\"Video y Galeria\" \/>\n<meta property=\"og:url\" content=\"https:\/\/miradalevante.com\/es\/video-gallery\/\" \/>\n<meta property=\"og:site_name\" content=\"mirada\" \/>\n<meta property=\"article:modified_time\" content=\"2022-05-23T15:10:35+00:00\" \/>\n<meta name=\"twitter:card\" content=\"summary_large_image\" \/>\n<meta name=\"twitter:label1\" content=\"Est. reading time\" \/>\n\t<meta name=\"twitter:data1\" content=\"2 minutos\" \/>\n<script type=\"application\/ld+json\" class=\"yoast-schema-graph\">{\"@context\":\"https:\/\/schema.org\",\"@graph\":[{\"@type\":\"WebSite\",\"@id\":\"https:\/\/miradalevante.com\/#website\",\"url\":\"https:\/\/miradalevante.com\/\",\"name\":\"mirada\",\"description\":\"RECYCLING PROCESSING AND TRADING COMPANY\",\"potentialAction\":[{\"@type\":\"SearchAction\",\"target\":{\"@type\":\"EntryPoint\",\"urlTemplate\":\"https:\/\/miradalevante.com\/?s={search_term_string}\"},\"query-input\":\"required name=search_term_string\"}],\"inLanguage\":\"es\"},{\"@type\":\"WebPage\",\"@id\":\"https:\/\/miradalevante.com\/es\/video-gallery\/#webpage\",\"url\":\"https:\/\/miradalevante.com\/es\/video-gallery\/\",\"name\":\"Video y Galeria - mirada\",\"isPartOf\":{\"@id\":\"https:\/\/miradalevante.com\/#website\"},\"datePublished\":\"2022-02-14T15:05:20+00:00\",\"dateModified\":\"2022-05-23T15:10:35+00:00\",\"description\":\"Video y Galeria\",\"breadcrumb\":{\"@id\":\"https:\/\/miradalevante.com\/es\/video-gallery\/#breadcrumb\"},\"inLanguage\":\"es\",\"potentialAction\":[{\"@type\":\"ReadAction\",\"target\":[\"https:\/\/miradalevante.com\/es\/video-gallery\/\"]}]},{\"@type\":\"BreadcrumbList\",\"@id\":\"https:\/\/miradalevante.com\/es\/video-gallery\/#breadcrumb\",\"itemListElement\":[{\"@type\":\"ListItem\",\"position\":1,\"name\":\"Home\",\"item\":\"https:\/\/miradalevante.com\/es\/\"},{\"@type\":\"ListItem\",\"position\":2,\"name\":\"Video y Galeria\"}]}]}<\/script>\n<!-- \/ Yoast SEO plugin. -->","yoast_head_json":{"title":"Video y Galeria - mirada","description":"Video y Galeria","robots":{"index":"index","follow":"follow","max-snippet":"max-snippet:-1","max-image-preview":"max-image-preview:large","max-video-preview":"max-video-preview:-1"},"canonical":"https:\/\/miradalevante.com\/es\/video-gallery\/","og_locale":"es_ES","og_type":"article","og_title":"Video y Galeria - mirada","og_description":"Video y Galeria","og_url":"https:\/\/miradalevante.com\/es\/video-gallery\/","og_site_name":"mirada","article_modified_time":"2022-05-23T15:10:35+00:00","twitter_card":"summary_large_image","twitter_misc":{"Est. reading time":"2 minutos"},"schema":{"@context":"https:\/\/schema.org","@graph":[{"@type":"WebSite","@id":"https:\/\/miradalevante.com\/#website","url":"https:\/\/miradalevante.com\/","name":"mirada","description":"RECYCLING PROCESSING AND TRADING COMPANY","potentialAction":[{"@type":"SearchAction","target":{"@type":"EntryPoint","urlTemplate":"https:\/\/miradalevante.com\/?s={search_term_string}"},"query-input":"required name=search_term_string"}],"inLanguage":"es"},{"@type":"WebPage","@id":"https:\/\/miradalevante.com\/es\/video-gallery\/#webpage","url":"https:\/\/miradalevante.com\/es\/video-gallery\/","name":"Video y Galeria - mirada","isPartOf":{"@id":"https:\/\/miradalevante.com\/#website"},"datePublished":"2022-02-14T15:05:20+00:00","dateModified":"2022-05-23T15:10:35+00:00","description":"Video y Galeria","breadcrumb":{"@id":"https:\/\/miradalevante.com\/es\/video-gallery\/#breadcrumb"},"inLanguage":"es","potentialAction":[{"@type":"ReadAction","target":["https:\/\/miradalevante.com\/es\/video-gallery\/"]}]},{"@type":"BreadcrumbList","@id":"https:\/\/miradalevante.com\/es\/video-gallery\/#breadcrumb","itemListElement":[{"@type":"ListItem","position":1,"name":"Home","item":"https:\/\/miradalevante.com\/es\/"},{"@type":"ListItem","position":2,"name":"Video y Galeria"}]}]}},"_links":{"self":[{"href":"https:\/\/miradalevante.com\/es\/wp-json\/wp\/v2\/pages\/556"}],"collection":[{"href":"https:\/\/miradalevante.com\/es\/wp-json\/wp\/v2\/pages"}],"about":[{"href":"https:\/\/miradalevante.com\/es\/wp-json\/wp\/v2\/types\/page"}],"author":[{"embeddable":true,"href":"https:\/\/miradalevante.com\/es\/wp-json\/wp\/v2\/users\/1"}],"replies":[{"embeddable":true,"href":"https:\/\/miradalevante.com\/es\/wp-json\/wp\/v2\/comments?post=556"}],"version-history":[{"count":32,"href":"https:\/\/miradalevante.com\/es\/wp-json\/wp\/v2\/pages\/556\/revisions"}],"predecessor-version":[{"id":1285,"href":"https:\/\/miradalevante.com\/es\/wp-json\/wp\/v2\/pages\/556\/revisions\/1285"}],"wp:attachment":[{"href":"https:\/\/miradalevante.com\/es\/wp-json\/wp\/v2\/media?parent=556"}],"curies":[{"name":"wp","href":"https:\/\/api.w.org\/{rel}","templated":true}]}}