{"id":1846,"date":"2025-06-17T07:48:58","date_gmt":"2025-06-17T07:48:58","guid":{"rendered":"https:\/\/miradalevante.com\/?page_id=1846"},"modified":"2025-06-17T07:48:58","modified_gmt":"2025-06-17T07:48:58","slug":"politica-de-privacidad","status":"publish","type":"page","link":"https:\/\/miradalevante.com\/es\/politica-de-privacidad\/","title":{"rendered":"Privacy Policy"},"content":{"rendered":"<p>Esta Pol\u00edtica de Privacidad describe c\u00f3mo Mirada Levante S.L. (\u00abnosotros\u00bb) recopila, utiliza y protege los datos personales recibidos de los usuarios (\u00abusted\u00bb) a trav\u00e9s del sitio web https:\/\/miradalevante.com.<\/p>\n<h2>Informaci\u00f3n de la empresa<\/h2>\n<p><strong>Nombre de la empresa:<\/strong> Mirada Levante S.L.<br \/>\n<strong>NIF:<\/strong> B40504946<br \/>\n<strong>Direcci\u00f3n:<\/strong> P.I. Fuente de los arrieros, Sector 5, Parcela 20\u00aa 16260, Minglanilla, Cuenca, Espa\u00f1a<br \/>\n<strong>Correo electr\u00f3nico:<\/strong> info@miradalevante.com<br \/>\n<strong>Tel\u00e9fonos:<\/strong> +34 669196127 \/ +34 617320239<\/p>\n<h2>Datos que recopilamos<\/h2>\n<p>Podemos recopilar los siguientes datos:<\/p>\n<ul>\n<li>Nombre completo<\/li>\n<li>Datos de contacto (correo electr\u00f3nico, tel\u00e9fono)<\/li>\n<li>Nombre de la empresa y cargo<\/li>\n<li>Datos de uso del sitio web<\/li>\n<\/ul>\n<h2>Finalidad de la recopilaci\u00f3n de datos<\/h2>\n<p>Utilizamos sus datos para:<\/p>\n<ul>\n<li>Proporcionar nuestros servicios<\/li>\n<li>Responder a consultas<\/li>\n<li>Enviar comunicaciones comerciales<\/li>\n<li>Analizar y mejorar nuestro sitio web<\/li>\n<\/ul>\n<h2>Marketing y comunicaciones<\/h2>\n<p>El Operador tiene derecho a enviar al Usuario notificaciones sobre nuevos productos y servicios, ofertas especiales y diversos eventos. El Usuario siempre puede rechazar el env\u00edo de comunicaciones informativas enviando un correo electr\u00f3nico a <strong>info@miradalevante.com<\/strong> con el asunto: \u201cRechazo de notificaciones sobre nuevos productos y ofertas especiales\u201d.<\/p>\n<h2>Base legal<\/h2>\n<p>Tratamos sus datos personales bas\u00e1ndonos en su consentimiento, necesidad contractual y nuestro inter\u00e9s leg\u00edtimo.<\/p>\n<h2>Sus derechos<\/h2>\n<p>Usted tiene derecho a solicitar el acceso a sus datos, solicitar su correcci\u00f3n o eliminaci\u00f3n, y oponerse o limitar el tratamiento conforme al Reglamento General de Protecci\u00f3n de Datos (RGPD).<\/p>\n<h2>Seguridad de los datos<\/h2>\n<p>Aplicamos medidas t\u00e9cnicas y organizativas adecuadas para proteger sus datos conforme al RGPD.<\/p>\n<h2>Contacto<\/h2>\n<p>Si tiene preguntas sobre esta pol\u00edtica de privacidad, puede escribirnos a <strong>info@miradalevante.com<\/strong>.<\/p>\n","protected":false},"excerpt":{"rendered":"<p>Esta Pol\u00edtica de Privacidad describe c\u00f3mo Mirada Levante S.L. (\u00abnosotros\u00bb) recopila, utiliza y protege los datos personales recibidos de los usuarios (\u00abusted\u00bb) a trav\u00e9s del sitio web https:\/\/miradalevante.com. Informaci\u00f3n de la empresa Nombre de la empresa: Mirada Levante S.L. NIF: B40504946 Direcci\u00f3n: P.I. Fuente de los arrieros, Sector 5, Parcela 20\u00aa 16260, Minglanilla, Cuenca, Espa\u00f1a [&hellip;]<\/p>\n","protected":false},"author":1,"featured_media":0,"parent":0,"menu_order":0,"comment_status":"closed","ping_status":"open","template":"","meta":{"_et_pb_use_builder":"","_et_pb_old_content":"","_et_gb_content_width":""},"yoast_head":"<!-- This site is optimized with the Yoast SEO plugin v17.9 - https:\/\/yoast.com\/wordpress\/plugins\/seo\/ -->\n<title>Privacy Policy - mirada<\/title>\n<meta name=\"robots\" content=\"index, follow, max-snippet:-1, max-image-preview:large, max-video-preview:-1\" \/>\n<link rel=\"canonical\" href=\"https:\/\/miradalevante.com\/es\/politica-de-privacidad\/\" \/>\n<meta property=\"og:locale\" content=\"es_ES\" \/>\n<meta property=\"og:type\" content=\"article\" \/>\n<meta property=\"og:title\" content=\"Privacy Policy - mirada\" \/>\n<meta property=\"og:description\" content=\"Esta Pol\u00edtica de Privacidad describe c\u00f3mo Mirada Levante S.L. (\u00abnosotros\u00bb) recopila, utiliza y protege los datos personales recibidos de los usuarios (\u00abusted\u00bb) a trav\u00e9s del sitio web https:\/\/miradalevante.com. Informaci\u00f3n de la empresa Nombre de la empresa: Mirada Levante S.L. NIF: B40504946 Direcci\u00f3n: P.I. Fuente de los arrieros, Sector 5, Parcela 20\u00aa 16260, Minglanilla, Cuenca, Espa\u00f1a [&hellip;]\" \/>\n<meta property=\"og:url\" content=\"https:\/\/miradalevante.com\/es\/politica-de-privacidad\/\" \/>\n<meta property=\"og:site_name\" content=\"mirada\" \/>\n<meta name=\"twitter:card\" content=\"summary_large_image\" \/>\n<meta name=\"twitter:label1\" content=\"Est. reading time\" \/>\n\t<meta name=\"twitter:data1\" content=\"1 minuto\" \/>\n<script type=\"application\/ld+json\" class=\"yoast-schema-graph\">{\"@context\":\"https:\/\/schema.org\",\"@graph\":[{\"@type\":\"WebSite\",\"@id\":\"https:\/\/miradalevante.com\/#website\",\"url\":\"https:\/\/miradalevante.com\/\",\"name\":\"mirada\",\"description\":\"RECYCLING PROCESSING AND TRADING COMPANY\",\"potentialAction\":[{\"@type\":\"SearchAction\",\"target\":{\"@type\":\"EntryPoint\",\"urlTemplate\":\"https:\/\/miradalevante.com\/?s={search_term_string}\"},\"query-input\":\"required name=search_term_string\"}],\"inLanguage\":\"es\"},{\"@type\":\"WebPage\",\"@id\":\"https:\/\/miradalevante.com\/es\/politica-de-privacidad\/#webpage\",\"url\":\"https:\/\/miradalevante.com\/es\/politica-de-privacidad\/\",\"name\":\"Privacy Policy - mirada\",\"isPartOf\":{\"@id\":\"https:\/\/miradalevante.com\/#website\"},\"datePublished\":\"2025-06-17T07:48:58+00:00\",\"dateModified\":\"2025-06-17T07:48:58+00:00\",\"breadcrumb\":{\"@id\":\"https:\/\/miradalevante.com\/es\/politica-de-privacidad\/#breadcrumb\"},\"inLanguage\":\"es\",\"potentialAction\":[{\"@type\":\"ReadAction\",\"target\":[\"https:\/\/miradalevante.com\/es\/politica-de-privacidad\/\"]}]},{\"@type\":\"BreadcrumbList\",\"@id\":\"https:\/\/miradalevante.com\/es\/politica-de-privacidad\/#breadcrumb\",\"itemListElement\":[{\"@type\":\"ListItem\",\"position\":1,\"name\":\"Home\",\"item\":\"https:\/\/miradalevante.com\/es\/\"},{\"@type\":\"ListItem\",\"position\":2,\"name\":\"Privacy Policy\"}]}]}<\/script>\n<!-- \/ Yoast SEO plugin. -->","yoast_head_json":{"title":"Privacy Policy - mirada","robots":{"index":"index","follow":"follow","max-snippet":"max-snippet:-1","max-image-preview":"max-image-preview:large","max-video-preview":"max-video-preview:-1"},"canonical":"https:\/\/miradalevante.com\/es\/politica-de-privacidad\/","og_locale":"es_ES","og_type":"article","og_title":"Privacy Policy - mirada","og_description":"Esta Pol\u00edtica de Privacidad describe c\u00f3mo Mirada Levante S.L. (\u00abnosotros\u00bb) recopila, utiliza y protege los datos personales recibidos de los usuarios (\u00abusted\u00bb) a trav\u00e9s del sitio web https:\/\/miradalevante.com. Informaci\u00f3n de la empresa Nombre de la empresa: Mirada Levante S.L. NIF: B40504946 Direcci\u00f3n: P.I. Fuente de los arrieros, Sector 5, Parcela 20\u00aa 16260, Minglanilla, Cuenca, Espa\u00f1a [&hellip;]","og_url":"https:\/\/miradalevante.com\/es\/politica-de-privacidad\/","og_site_name":"mirada","twitter_card":"summary_large_image","twitter_misc":{"Est. reading time":"1 minuto"},"schema":{"@context":"https:\/\/schema.org","@graph":[{"@type":"WebSite","@id":"https:\/\/miradalevante.com\/#website","url":"https:\/\/miradalevante.com\/","name":"mirada","description":"RECYCLING PROCESSING AND TRADING COMPANY","potentialAction":[{"@type":"SearchAction","target":{"@type":"EntryPoint","urlTemplate":"https:\/\/miradalevante.com\/?s={search_term_string}"},"query-input":"required name=search_term_string"}],"inLanguage":"es"},{"@type":"WebPage","@id":"https:\/\/miradalevante.com\/es\/politica-de-privacidad\/#webpage","url":"https:\/\/miradalevante.com\/es\/politica-de-privacidad\/","name":"Privacy Policy - mirada","isPartOf":{"@id":"https:\/\/miradalevante.com\/#website"},"datePublished":"2025-06-17T07:48:58+00:00","dateModified":"2025-06-17T07:48:58+00:00","breadcrumb":{"@id":"https:\/\/miradalevante.com\/es\/politica-de-privacidad\/#breadcrumb"},"inLanguage":"es","potentialAction":[{"@type":"ReadAction","target":["https:\/\/miradalevante.com\/es\/politica-de-privacidad\/"]}]},{"@type":"BreadcrumbList","@id":"https:\/\/miradalevante.com\/es\/politica-de-privacidad\/#breadcrumb","itemListElement":[{"@type":"ListItem","position":1,"name":"Home","item":"https:\/\/miradalevante.com\/es\/"},{"@type":"ListItem","position":2,"name":"Privacy Policy"}]}]}},"_links":{"self":[{"href":"https:\/\/miradalevante.com\/es\/wp-json\/wp\/v2\/pages\/1846"}],"collection":[{"href":"https:\/\/miradalevante.com\/es\/wp-json\/wp\/v2\/pages"}],"about":[{"href":"https:\/\/miradalevante.com\/es\/wp-json\/wp\/v2\/types\/page"}],"author":[{"embeddable":true,"href":"https:\/\/miradalevante.com\/es\/wp-json\/wp\/v2\/users\/1"}],"replies":[{"embeddable":true,"href":"https:\/\/miradalevante.com\/es\/wp-json\/wp\/v2\/comments?post=1846"}],"version-history":[{"count":1,"href":"https:\/\/miradalevante.com\/es\/wp-json\/wp\/v2\/pages\/1846\/revisions"}],"predecessor-version":[{"id":1847,"href":"https:\/\/miradalevante.com\/es\/wp-json\/wp\/v2\/pages\/1846\/revisions\/1847"}],"wp:attachment":[{"href":"https:\/\/miradalevante.com\/es\/wp-json\/wp\/v2\/media?parent=1846"}],"curies":[{"name":"wp","href":"https:\/\/api.w.org\/{rel}","templated":true}]}}